{"id":10,"date":"2023-07-11T08:28:21","date_gmt":"2023-07-11T08:28:21","guid":{"rendered":"http:\/\/localhost:8888\/?page_id=10"},"modified":"2025-12-16T14:28:07","modified_gmt":"2025-12-16T13:28:07","slug":"home","status":"publish","type":"page","link":"https:\/\/www.sakuramoves.com\/","title":{"rendered":"Strona G\u0142\u00f3wna"},"content":{"rendered":"\n<div class=\"wp-block-kenta-blocks-cover alignfull kb-cover-d4e1b477 kb-cover\"><div class=\"kb-cover-inner-container\">\n<div style=\"height:48px\" aria-hidden=\"true\" class=\"wp-block-spacer\"><\/div>\n\n\n\n<div class=\"wp-block-kenta-blocks-section kb-section-b1c57d25 kb-section\">\n<div class=\"wp-block-kenta-blocks-column kb-column-wrapper kb-column-wrapper-c4c3a0d7 kenta-scroll-reveal\"><div class=\"kb-column kb-column-c4c3a0d7\"><div class=\"kb-column-content\">\n<div class=\"wp-block-kenta-blocks-paragraph kb-paragraph kb-paragraph-12f4b321\"><p class=\"\">Studio Sakura Khrystyna Usatiuk<\/p><\/div>\n\n\n\n<div class=\"wp-block-kenta-blocks-heading kb-heading kb-heading-h1 kb-heading-1787267e\"><h1 class=\"\">O nas <\/h1><\/div>\n\n\n\n<div class=\"wp-block-kenta-blocks-paragraph kb-paragraph kb-paragraph-3e29704c\"><p class=\"\">Witamy w Studio &#8220;Sakura&#8221;! To miejsce, w kt\u00f3rym \u0142\u0105czymy treningi z ta\u0144c\u00f3w latynoameryka\u0144skich, stretching, pilates i jogi, pracuj\u0105c nad Twoim zdrowiem i rozwojem. <br><br>Zapraszamy na zaj\u0119cia indywidualne i grupowe z r\u00f3\u017cnych dziedzin. Program oparty jest na indywidualnym podej\u015bciu do ka\u017cdego klienta, maj\u0105cym na celu osi\u0105gni\u0119cie Twoich cel\u00f3w. <br><br>Ciesz si\u0119 efektywnymi zaj\u0119ciami, skupionymi na rozwoju elastyczno\u015bci, si\u0142y, zdrowia i utrzymaniu doskona\u0142ej formy fizycznej. Profesjonalne programy s\u0105 ukierunkowane na Twoje dobre samopoczucie i osi\u0105gni\u0119cie najlepszych wynik\u00f3w. <br><br>Dla m\u0142odych par, kt\u00f3re planuj\u0105 \u015blub, oferujemy mo\u017cliwo\u015b\u0107 stworzenia ich pierwszego ta\u0144ca weselnego, kt\u00f3ry pozostanie na zawsze w sercach.<br><br>Zapraszamy do odkrycia  nowego \u015bwiata swojego cia\u0142a i harmonii fizycznej razem z &#8220;Sakura&#8221;, gdzie przyjazna atmosfera, indywidualne podej\u015bcie i profesjonalizm \u0142\u0105cz\u0105 si\u0119 dla Twojego stanu i zdrowia fizycznego!<\/p><\/div>\n<\/div><\/div><\/div>\n\n\n\n<div class=\"wp-block-kenta-blocks-column kb-column-wrapper kb-column-wrapper-a121081d kenta-scroll-reveal\"><div class=\"kb-column kb-column-a121081d\"><div class=\"kb-column-content\">\n<figure class=\"wp-block-kenta-blocks-image kb-image kb-image-d66687fb\"><img decoding=\"async\" src=\"http:\/\/www.sakuramoves.com\/wp-content\/uploads\/2024\/01\/\u0414\u0438\u0437\u0430\u0439\u043d-\u0431\u0435\u0437-\u043d\u0430\u0437\u0432\u0430\u043d\u0438\u044f-1.png\" alt=\"\"\/><\/figure>\n<\/div><\/div><\/div>\n<\/div>\n\n\n\n<div style=\"height:48px\" aria-hidden=\"true\" class=\"wp-block-spacer\"><\/div>\n\n\n\n<div class=\"wp-block-kenta-blocks-section alignwide kb-section-591546e2 kb-section\">\n<div class=\"wp-block-kenta-blocks-column kb-column-wrapper kb-column-wrapper-71ff6f5b kenta-scroll-reveal\"><div class=\"kb-column kb-column-71ff6f5b\"><div class=\"kb-column-content\">\n<figure class=\"wp-block-kenta-blocks-image kb-image kb-image-ad3cd38d\"><img decoding=\"async\" src=\"http:\/\/www.sakuramoves.com\/wp-content\/uploads\/2023\/07\/32126-1.png\" alt=\"\"\/><\/figure>\n\n\n\n<div class=\"wp-block-kenta-blocks-paragraph kb-paragraph kb-paragraph-76b5b464\"><p class=\"\">Ma\u0142e grupy<\/p><\/div>\n<\/div><\/div><\/div>\n\n\n\n<div class=\"wp-block-kenta-blocks-column kb-column-wrapper kb-column-wrapper-a204b3ab kenta-scroll-reveal\"><div class=\"kb-column kb-column-a204b3ab\"><div class=\"kb-column-content\">\n<div class=\"wp-block-group is-layout-constrained wp-block-group-is-layout-constrained\">\n<figure class=\"wp-block-kenta-blocks-image kb-image kb-image-9896965c\"><img decoding=\"async\" src=\"http:\/\/www.sakuramoves.com\/wp-content\/uploads\/2023\/07\/32125-1.png\" alt=\"\"\/><\/figure>\n<\/div>\n\n\n\n<div class=\"wp-block-kenta-blocks-paragraph kb-paragraph kb-paragraph-a64ee7e0\"><p class=\"\">Wygodna lokalizacja<\/p><\/div>\n<\/div><\/div><\/div>\n\n\n\n<div class=\"wp-block-kenta-blocks-column kb-column-wrapper kb-column-wrapper-7066ec26 kenta-scroll-reveal\"><div class=\"kb-column kb-column-7066ec26\"><div class=\"kb-column-content\">\n<figure class=\"wp-block-kenta-blocks-image kb-image kb-image-e85d5b64\"><img decoding=\"async\" src=\"http:\/\/www.sakuramoves.com\/wp-content\/uploads\/2023\/07\/297526-1.png\" alt=\"\"\/><\/figure>\n\n\n\n<div class=\"wp-block-kenta-blocks-paragraph kb-paragraph kb-paragraph-9dda9abb\"><p class=\"\">Certyfikowany specjalista<\/p><\/div>\n<\/div><\/div><\/div>\n\n\n\n<div class=\"wp-block-kenta-blocks-column kb-column-wrapper kb-column-wrapper-df827e8d kenta-scroll-reveal\"><div class=\"kb-column kb-column-df827e8d\"><div class=\"kb-column-content\">\n<figure class=\"wp-block-kenta-blocks-image kb-image kb-image-41eb3475\"><img decoding=\"async\" src=\"http:\/\/www.sakuramoves.com\/wp-content\/uploads\/2023\/07\/32124-1.png\" alt=\"\"\/><\/figure>\n\n\n\n<div class=\"wp-block-kenta-blocks-paragraph kb-paragraph kb-paragraph-285d3893\"><p class=\"\">Indywidualne podej\u015bcie<\/p><\/div>\n<\/div><\/div><\/div>\n<\/div>\n\n\n\n<div style=\"height:100px\" aria-hidden=\"true\" class=\"wp-block-spacer\"><\/div>\n<\/div><\/div>\n\n\n\n<div class=\"wp-block-group alignwide is-layout-constrained wp-block-group-is-layout-constrained\">\n<div class=\"wp-block-kenta-blocks-cover alignwide kb-cover-69aed6e9 kb-cover kb-cover-has-overlay\"><div class=\"kb-cover-inner-container\">\n<div class=\"wp-block-kenta-blocks-section kb-section-07c3efae kb-section\">\n<div class=\"wp-block-kenta-blocks-column kb-column-wrapper kb-column-wrapper-2326c821 kenta-scroll-reveal\"><div class=\"kb-column kb-column-2326c821\"><div class=\"kb-column-content\">\n<figure class=\"wp-block-kenta-blocks-image kb-image kb-image-d6f2892d\"><img decoding=\"async\" src=\"https:\/\/www.sakuramoves.com\/wp-content\/uploads\/2024\/01\/\u0414\u0438\u0437\u0430\u0439\u043d-\u0431\u0435\u0437-\u043d\u0430\u0437\u0432\u0430\u043d\u0438\u044f-2-1.png\" alt=\"\"\/><\/figure>\n<\/div><\/div><\/div>\n\n\n\n<div class=\"wp-block-kenta-blocks-column kb-column-wrapper kb-column-wrapper-617e4815 kenta-scroll-reveal\"><div class=\"kb-column kb-column-617e4815\"><div class=\"kb-column-content\">\n<div class=\"wp-block-kenta-blocks-paragraph kb-paragraph kb-paragraph-12f43e83\"><p class=\"\"><\/p><\/div>\n\n\n\n<div class=\"wp-block-kenta-blocks-heading kb-heading kb-heading-h2 kb-heading-0e48cd90\"><h2 class=\"\">Oferujemy:<\/h2><\/div>\n\n\n\n<div class=\"wp-block-group is-layout-constrained wp-block-group-is-layout-constrained\">\n<div class=\"wp-block-group is-layout-constrained wp-block-group-is-layout-constrained\">\n<div class=\"wp-block-kenta-blocks-stack kb-stack-2b0027fb kb-stack\"><div class=\"kb-stack-inner-container\">\n<div class=\"wp-block-group is-layout-constrained wp-block-group-is-layout-constrained\">\n<div class=\"wp-block-group is-layout-constrained wp-block-group-is-layout-constrained\">\n<div class=\"wp-block-kenta-blocks-paragraph kb-paragraph kb-paragraph-9681d59f\"><p class=\"\">\u2022 Joga dla harmonii cia\u0142a i duszy, zdolna do relaksacji i zr\u00f3wnowa\u017cenia Twojego \u017cycia.<\/p><\/div>\n<\/div>\n<\/div>\n<\/div><\/div>\n\n\n\n<div class=\"wp-block-kenta-blocks-row kb-row-ad1e8818 kb-row\"><div class=\"kb-row-inner-container\">\n<div class=\"wp-block-kenta-blocks-paragraph kb-paragraph kb-paragraph-8b015b35\"><p class=\"\">\u2022 Stretching dla poprawy elastyczno\u015bci, kszta\u0142towania sylwetki i poczucia gibko\u015bci.<\/p><\/div>\n<\/div><\/div>\n\n\n\n<div class=\"wp-block-kenta-blocks-row kb-row-bd338a31 kb-row\"><div class=\"kb-row-inner-container\">\n<div class=\"wp-block-group is-layout-constrained wp-block-group-is-layout-constrained\">\n<div class=\"wp-block-kenta-blocks-paragraph kb-paragraph kb-paragraph-99354aa2\"><p class=\"\">\u2022 Pilates, zmierzaj\u0105cy do wzmocnienia mi\u0119\u015bni i poprawy postawy cia\u0142a.<\/p><\/div>\n<\/div>\n<\/div><\/div>\n\n\n\n<div class=\"wp-block-kenta-blocks-row kb-row-328e85be kb-row\"><div class=\"kb-row-inner-container\">\n<div class=\"wp-block-kenta-blocks-paragraph kb-paragraph kb-paragraph-98b95a6d\"><p class=\"\">\u2022 Zaj\u0119cia z ta\u0144c\u00f3w latynoameryka\u0144skich, kt\u00f3re pomagaj\u0105 rozwija\u0107 ruchliwo\u015b\u0107 i energi\u0119.<\/p><\/div>\n<\/div><\/div>\n\n\n\n<div class=\"wp-block-kenta-blocks-paragraph kb-paragraph kb-paragraph-f657881e\"><p class=\"\">\u2022 Choreografia pierwszego ta\u0144ca weselnego, mo\u017cliwo\u015b\u0107 stworzenia wymarzonego ta\u0144ca do wybranej przez Ciebie piosenki, kt\u00f3ry pozostanie w pami\u0119ci i obdarzy niezapomnianymi emocjami.<\/p><\/div>\n<\/div>\n<\/div>\n\n\n\n<div style=\"height:24px\" aria-hidden=\"true\" class=\"wp-block-spacer\"><\/div>\n<\/div><\/div><\/div>\n<\/div>\n\n\n\n<hr class=\"wp-block-kenta-blocks-separator kb-separator-9ddb7563 kb-separator\"\/>\n\n\n\n<div class=\"wp-block-group alignfull is-layout-constrained wp-block-group-is-layout-constrained\">\n<div class=\"wp-block-group alignfull is-layout-constrained wp-block-group-is-layout-constrained\">\n<div class=\"wp-block-kenta-blocks-section alignfull kb-section-6bb0685d kb-section\">\n<div class=\"wp-block-kenta-blocks-column kb-column-wrapper kb-column-wrapper-1c346c2e kenta-scroll-reveal\"><div class=\"kb-column kb-column-1c346c2e\"><div class=\"kb-column-content\">\n<div class=\"wp-block-group is-layout-constrained wp-block-group-is-layout-constrained\">\n<div class=\"wp-block-kenta-blocks-heading kb-heading kb-heading-h3 kb-heading-39dc7893\"><h3 class=\"\">Moje zalety:<\/h3><\/div>\n\n\n\n<ul class=\"wp-block-list has-kenta-font-small-font-size\">\n<li>Treningi indywidualne online lub stacjonarne.<\/li>\n\n\n\n<li>Prowadz\u0119 treningi w trzech j\u0119zykach.<\/li>\n\n\n\n<li>Grafik zaj\u0119\u0107 dopasuje ka\u017cdemu.<\/li>\n\n\n\n<li>Grupy do 5 os\u00f3b.<\/li>\n\n\n\n<li>Mo\u017cliwo\u015b\u0107 wykupienia bon podarunkowego.<\/li>\n\n\n\n<li>Indywidualne podej\u015bcie do ka\u017cdej grupy<\/li>\n<\/ul>\n<\/div>\n<\/div><\/div><\/div>\n\n\n\n<div class=\"wp-block-kenta-blocks-column kb-column-wrapper kb-column-wrapper-506a97bd\"><div class=\"kb-column kb-column-506a97bd\"><div class=\"kb-column-content\">\n<div class=\"wp-block-columns is-layout-flex wp-container-core-columns-is-layout-28f84493 wp-block-columns-is-layout-flex\">\n<div class=\"wp-block-column is-layout-flow wp-block-column-is-layout-flow\" style=\"flex-basis:100%\">\n<figure class=\"wp-block-kenta-blocks-image kb-image kb-image-4717cd22\"><img decoding=\"async\" src=\"https:\/\/www.sakuramoves.com\/wp-content\/uploads\/2024\/01\/photo_2024-01-11_15-52-16-1.jpg\" alt=\"\"\/><\/figure>\n<\/div>\n<\/div>\n<\/div><\/div><\/div>\n\n\n\n<div class=\"wp-block-kenta-blocks-column kb-column-wrapper kb-column-wrapper-2e9ba3a8 kenta-scroll-reveal\"><div class=\"kb-column kb-column-2e9ba3a8\"><div class=\"kb-column-content\">\n<div class=\"wp-block-group alignwide is-layout-constrained wp-block-group-is-layout-constrained\">\n<div class=\"wp-block-columns are-vertically-aligned-center is-layout-flex wp-container-core-columns-is-layout-28f84493 wp-block-columns-is-layout-flex\">\n<div class=\"wp-block-column is-vertically-aligned-center is-layout-flow wp-block-column-is-layout-flow\" style=\"flex-basis:100%\"><\/div>\n<\/div>\n<\/div>\n<\/div><\/div><\/div>\n<\/div>\n<\/div>\n<\/div>\n\n\n\n<div class=\"wp-block-kenta-blocks-heading kb-heading kb-heading-h1 kb-heading-11113cf3 kenta-scroll-reveal\"><h1 class=\"\">Skontaktuj si\u0119 z nami<\/h1><\/div>\n\n\n\n<p>Adres: ul. Adama Mieckiewicza 29, 35-064 Rzesz\u00f3w<\/p>\n\n\n\n<p>(+48) 793 428 711 Kristina<\/p>\n\n\n\n<p>Gmail: usatiuk.k1992@gmail.com<\/p>\n\n\n\n<div class=\"wp-block-kenta-blocks-heading kb-heading kb-heading-h2 kb-heading-ecb5c454\"><h2 class=\"\"><strong>Zapraszam na zaj\u0119cia treningowe! <\/strong><br><strong>Do\u0142\u0105cz do nas! <\/strong><br><strong>Przyjd\u017a i trenuj si\u0119 z nami! <\/strong><\/h2><\/div>\n<\/div><\/div>\n<\/div>\n","protected":false},"excerpt":{"rendered":"","protected":false},"author":1,"featured_media":0,"parent":0,"menu_order":0,"comment_status":"closed","ping_status":"closed","template":"","meta":{"site-container-style":"default","site-container-layout":"default","site-sidebar-layout":"default","site-transparent-header":"default","prose-style":"enable","disable-article-header":"yes","disable-site-header":"default","disable-site-footer":"default","disable-content-area-spacing":"yes","footnotes":""},"class_list":["post-10","page","type-page","status-publish","hentry"],"_links":{"self":[{"href":"https:\/\/www.sakuramoves.com\/index.php?rest_route=\/wp\/v2\/pages\/10","targetHints":{"allow":["GET"]}}],"collection":[{"href":"https:\/\/www.sakuramoves.com\/index.php?rest_route=\/wp\/v2\/pages"}],"about":[{"href":"https:\/\/www.sakuramoves.com\/index.php?rest_route=\/wp\/v2\/types\/page"}],"author":[{"embeddable":true,"href":"https:\/\/www.sakuramoves.com\/index.php?rest_route=\/wp\/v2\/users\/1"}],"replies":[{"embeddable":true,"href":"https:\/\/www.sakuramoves.com\/index.php?rest_route=%2Fwp%2Fv2%2Fcomments&post=10"}],"version-history":[{"count":29,"href":"https:\/\/www.sakuramoves.com\/index.php?rest_route=\/wp\/v2\/pages\/10\/revisions"}],"predecessor-version":[{"id":612,"href":"https:\/\/www.sakuramoves.com\/index.php?rest_route=\/wp\/v2\/pages\/10\/revisions\/612"}],"wp:attachment":[{"href":"https:\/\/www.sakuramoves.com\/index.php?rest_route=%2Fwp%2Fv2%2Fmedia&parent=10"}],"curies":[{"name":"wp","href":"https:\/\/api.w.org\/{rel}","templated":true}]}}