{"id":244,"date":"2023-07-13T08:29:54","date_gmt":"2023-07-13T08:29:54","guid":{"rendered":"http:\/\/localhost:8888\/?page_id=244"},"modified":"2026-05-01T19:41:24","modified_gmt":"2026-05-01T17:41:24","slug":"trainers","status":"publish","type":"page","link":"https:\/\/www.sakuramoves.com\/?page_id=244","title":{"rendered":"Grafik"},"content":{"rendered":"\n<div class=\"wp-block-kenta-blocks-cover alignfull kb-cover-9f6b4c0c kb-cover\"><div class=\"kb-cover-inner-container\">\n<div class=\"wp-block-kenta-blocks-heading kb-heading kb-heading-h1 kb-heading-1de82ea5\"><h1 class=\"\">Grafik zaj\u0119\u0107 gr\u00f3powych<\/h1><\/div>\n\n\n\n<div class=\"wp-block-kenta-blocks-paragraph kb-paragraph kb-paragraph-d3ef998f\"><p class=\"\"><strong>Indywidualne treningi uzgadniamy osobi\u015bcie. <br>Grafik zaj\u0119\u0107 z choreografi\u0105 do Pierwszego Ta\u0144ca Weselnego jest r\u00f3wnie\u017c indywidualny. <\/strong><br>R\u00f3wnie\u017c istnieje mo\u017cliwo\u015b\u0107 dodania innej godziny, je\u015bli zg\u0142osi si\u0119 co najmniej 4 ch\u0119tnie osoby.<\/p><\/div>\n<\/div><\/div>\n\n\n\n<div style=\"height:68px\" aria-hidden=\"true\" class=\"wp-block-spacer\"><\/div>\n\n\n\n<div class=\"wp-block-kenta-blocks-section kb-section-9af6b5a2 kb-section\">\n<div class=\"wp-block-kenta-blocks-column kb-column-wrapper kb-column-wrapper-0fe4f1e0\"><div class=\"kb-column kb-column-0fe4f1e0\"><div class=\"kb-column-content\">\n<figure class=\"wp-block-kenta-blocks-image alignwide kb-image kb-image-0216d066\"><img decoding=\"async\" src=\"https:\/\/www.sakuramoves.com\/wp-content\/uploads\/2024\/11\/DSC05642-1-267x300.jpeg\" alt=\"\"\/><\/figure>\n\n\n\n<div class=\"wp-block-kenta-blocks-group kb-group-4a3f97b4 kb-group\"><div class=\"kb-group-inner-container\">\n<div class=\"wp-block-kenta-blocks-paragraph kb-paragraph kb-paragraph-604db4c9\"><p class=\"\">Stretching<br>Pt. 16:20<br>\u015ar. 19:20<br><br><\/p><\/div>\n<\/div><\/div>\n<\/div><\/div><\/div>\n\n\n\n<div class=\"wp-block-kenta-blocks-column kb-column-wrapper kb-column-wrapper-8ad40654\"><div class=\"kb-column kb-column-8ad40654\"><div class=\"kb-column-content\">\n<figure class=\"wp-block-kenta-blocks-image kb-image kb-image-70eaf31f\"><img decoding=\"async\" src=\"https:\/\/www.sakuramoves.com\/wp-content\/uploads\/2024\/11\/IMG_3427-277x300.jpeg\" alt=\"\"\/><\/figure>\n\n\n\n<div class=\"wp-block-kenta-blocks-group kb-group-9be0cd6b kb-group\"><div class=\"kb-group-inner-container\">\n<div class=\"wp-block-kenta-blocks-paragraph kb-paragraph kb-paragraph-21cab9fa\"><p class=\"\">Joga dla pocz\u0105tkuj\u0105cych<br>Pon. 17:30<br>Wt. 18:00<br><\/p><\/div>\n<\/div><\/div>\n<\/div><\/div><\/div>\n\n\n\n<div class=\"wp-block-kenta-blocks-column kb-column-wrapper kb-column-wrapper-c11b7ae5\"><div class=\"kb-column kb-column-c11b7ae5\"><div class=\"kb-column-content\">\n<figure class=\"wp-block-kenta-blocks-image kb-image kb-image-1afffcb1\"><img decoding=\"async\" src=\"https:\/\/www.sakuramoves.com\/wp-content\/uploads\/2024\/11\/IMG_3426-271x300.jpeg\" alt=\"\"\/><\/figure>\n\n\n\n<div class=\"wp-block-kenta-blocks-group kb-group-63a2ee48 kb-group\"><div class=\"kb-group-inner-container\">\n<div class=\"wp-block-kenta-blocks-paragraph kb-paragraph kb-paragraph-1233244b\"><p class=\"\">Pilates<br>Pon. 18:30<br>Pt. 17:30\/18:30<\/p><\/div>\n<\/div><\/div>\n<\/div><\/div><\/div>\n\n\n\n<div class=\"wp-block-kenta-blocks-column kb-column-wrapper kb-column-wrapper-37b51976\"><div class=\"kb-column kb-column-37b51976\"><div class=\"kb-column-content\">\n<figure class=\"wp-block-kenta-blocks-image kb-image kb-image-7f7d4b85\"><img decoding=\"async\" src=\"http:\/\/www.sakuramoves.com\/wp-content\/uploads\/2024\/11\/DSC05654-scaled-e1730892576185.jpg\" alt=\"\"\/><\/figure>\n\n\n\n<div class=\"wp-block-kenta-blocks-group kb-group-11ec792a kb-group\"><div class=\"kb-group-inner-container\">\n<div class=\"wp-block-kenta-blocks-paragraph kb-paragraph kb-paragraph-0844f855\"><p class=\"\">Joga+Pilates dla 2-3 trymestru ci\u0105\u017cy<br>Wt. 09:00<br>Pt. 10:00<\/p><\/div>\n<\/div><\/div>\n<\/div><\/div><\/div>\n\n\n\n<div class=\"wp-block-kenta-blocks-column kb-column-wrapper kb-column-wrapper-12f68f58\"><div class=\"kb-column kb-column-12f68f58\"><div class=\"kb-column-content\">\n<figure class=\"wp-block-kenta-blocks-image kb-image kb-image-4d45878d\"><img decoding=\"async\" src=\"https:\/\/www.sakuramoves.com\/wp-content\/uploads\/2024\/11\/IMG_8337-249x300.jpeg\" alt=\"\"\/><figcaption>Screenshot<\/figcaption><\/figure>\n\n\n\n<div class=\"wp-block-kenta-blocks-group kb-group-136f3757 kb-group\"><div class=\"kb-group-inner-container\">\n<div class=\"wp-block-kenta-blocks-paragraph kb-paragraph kb-paragraph-81324e71\"><p class=\"\">Latina Solo<br>Czw. 20:10<\/p><\/div>\n<\/div><\/div>\n<\/div><\/div><\/div>\n\n\n\n<div class=\"wp-block-kenta-blocks-column kb-column-wrapper kb-column-wrapper-5e9996a2\"><div class=\"kb-column kb-column-5e9996a2\"><div class=\"kb-column-content\">\n<div class=\"wp-block-group is-layout-constrained wp-block-group-is-layout-constrained\">\n<div class=\"wp-block-columns is-layout-flex wp-container-core-columns-is-layout-28f84493 wp-block-columns-is-layout-flex\">\n<div class=\"wp-block-column is-vertically-aligned-bottom has-border-color has-kenta-base-background-color has-background is-content-justification-center is-layout-constrained wp-container-core-column-is-layout-10f312f2 wp-block-column-is-layout-constrained\" style=\"border-color:var(--kenta-base-color);border-top-left-radius:0px;border-top-right-radius:0px;border-bottom-left-radius:0px;border-bottom-right-radius:0px;padding-top:0;padding-right:var(--wp--preset--spacing--50);padding-bottom:0;padding-left:var(--wp--preset--spacing--50)\">\n<div class=\"wp-block-group alignfull is-layout-constrained wp-block-group-is-layout-constrained\">\n<div class=\"wp-block-group is-layout-constrained wp-block-group-is-layout-constrained\">\n<div class=\"wp-block-columns alignfull is-layout-flex wp-container-core-columns-is-layout-28f84493 wp-block-columns-is-layout-flex\">\n<div class=\"wp-block-column is-vertically-aligned-center is-content-justification-right is-layout-constrained wp-container-core-column-is-layout-f1f2ed93 wp-block-column-is-layout-constrained\">\n<figure class=\"wp-block-kenta-blocks-image kb-image kb-image-4c600109\"><img decoding=\"async\" src=\"https:\/\/www.sakuramoves.com\/wp-content\/uploads\/2024\/11\/IMG_3427-277x300.jpeg\" alt=\"\"\/><\/figure>\n\n\n\n<div class=\"wp-block-kenta-blocks-paragraph kb-paragraph kb-paragraph-74913738\"><p class=\"\">Vinyasana Joga<br>Wt. 19:00<br>Czw. 19:00<br>Sob. 09:30<\/p><\/div>\n<\/div>\n<\/div>\n<\/div>\n<\/div>\n<\/div>\n<\/div>\n\n\n\n<div class=\"wp-block-columns is-layout-flex wp-container-core-columns-is-layout-28f84493 wp-block-columns-is-layout-flex\">\n<div class=\"wp-block-column is-layout-flow wp-block-column-is-layout-flow\" style=\"flex-basis:100%\">\n<div class=\"wp-block-group is-layout-constrained wp-block-group-is-layout-constrained\">\n<div class=\"wp-block-group is-layout-constrained wp-block-group-is-layout-constrained\"><\/div>\n<\/div>\n<\/div>\n<\/div>\n<\/div>\n<\/div><\/div><\/div>\n<\/div>\n\n\n\n<p><\/p>\n","protected":false},"excerpt":{"rendered":"","protected":false},"author":1,"featured_media":0,"parent":0,"menu_order":0,"comment_status":"closed","ping_status":"closed","template":"","meta":{"site-container-style":"default","site-container-layout":"default","site-sidebar-layout":"default","site-transparent-header":"default","prose-style":"enable","disable-article-header":"yes","disable-site-header":"default","disable-site-footer":"default","disable-content-area-spacing":"yes","footnotes":""},"class_list":["post-244","page","type-page","status-publish","hentry"],"_links":{"self":[{"href":"https:\/\/www.sakuramoves.com\/index.php?rest_route=\/wp\/v2\/pages\/244","targetHints":{"allow":["GET"]}}],"collection":[{"href":"https:\/\/www.sakuramoves.com\/index.php?rest_route=\/wp\/v2\/pages"}],"about":[{"href":"https:\/\/www.sakuramoves.com\/index.php?rest_route=\/wp\/v2\/types\/page"}],"author":[{"embeddable":true,"href":"https:\/\/www.sakuramoves.com\/index.php?rest_route=\/wp\/v2\/users\/1"}],"replies":[{"embeddable":true,"href":"https:\/\/www.sakuramoves.com\/index.php?rest_route=%2Fwp%2Fv2%2Fcomments&post=244"}],"version-history":[{"count":28,"href":"https:\/\/www.sakuramoves.com\/index.php?rest_route=\/wp\/v2\/pages\/244\/revisions"}],"predecessor-version":[{"id":618,"href":"https:\/\/www.sakuramoves.com\/index.php?rest_route=\/wp\/v2\/pages\/244\/revisions\/618"}],"wp:attachment":[{"href":"https:\/\/www.sakuramoves.com\/index.php?rest_route=%2Fwp%2Fv2%2Fmedia&parent=244"}],"curies":[{"name":"wp","href":"https:\/\/api.w.org\/{rel}","templated":true}]}}